{"id":934,"date":"2022-07-20T06:00:42","date_gmt":"2022-07-20T06:00:42","guid":{"rendered":"https:\/\/temp-wp-1847.functional.store\/?page_id=934"},"modified":"2024-06-21T07:11:41","modified_gmt":"2024-06-21T07:11:41","slug":"datenschutzbestimmungen","status":"publish","type":"page","link":"https:\/\/functionalcompany.com\/de\/datenschutzbestimmungen\/","title":{"rendered":"Datenschutzbestimmungen"},"content":{"rendered":"[vc_row type=&#8220;in_container&#8220; full_screen_row_position=&#8220;middle&#8220; column_margin=&#8220;default&#8220; column_direction=&#8220;default&#8220; column_direction_tablet=&#8220;default&#8220; column_direction_phone=&#8220;default&#8220; scene_position=&#8220;center&#8220; top_padding=&#8220;10%&#8220; constrain_group_1=&#8220;yes&#8220; bottom_padding=&#8220;10%&#8220; text_color=&#8220;dark&#8220; text_align=&#8220;left&#8220; row_border_radius=&#8220;none&#8220; row_border_radius_applies=&#8220;bg&#8220; overflow=&#8220;visible&#8220; overlay_strength=&#8220;0.3&#8243; gradient_direction=&#8220;left_to_right&#8220; shape_divider_position=&#8220;bottom&#8220; bg_image_animation=&#8220;none&#8220; gradient_type=&#8220;default&#8220; shape_type=&#8220;&#8220;][vc_column column_padding=&#8220;no-extra-padding&#8220; column_padding_tablet=&#8220;inherit&#8220; column_padding_phone=&#8220;inherit&#8220; column_padding_position=&#8220;all&#8220; column_element_direction_desktop=&#8220;default&#8220; column_element_spacing=&#8220;default&#8220; desktop_text_alignment=&#8220;default&#8220; tablet_text_alignment=&#8220;default&#8220; phone_text_alignment=&#8220;default&#8220; background_color_opacity=&#8220;1&#8243; background_hover_color_opacity=&#8220;1&#8243; column_backdrop_filter=&#8220;none&#8220; column_shadow=&#8220;none&#8220; column_border_radius=&#8220;none&#8220; column_link_target=&#8220;_self&#8220; column_position=&#8220;default&#8220; gradient_direction=&#8220;left_to_right&#8220; overlay_strength=&#8220;0.3&#8243; width=&#8220;1\/1&#8243; tablet_width_inherit=&#8220;default&#8220; animation_type=&#8220;default&#8220; bg_image_animation=&#8220;none&#8220; border_type=&#8220;simple&#8220; column_border_width=&#8220;none&#8220; column_border_style=&#8220;solid&#8220;][vc_column_text]\n<h2>Functional Srl. Datenschutzrichtlinie<\/h2>\n<p>&nbsp;<\/p>\n<p>Wir wissen, dass Ihnen Ihre pers\u00f6nlichen Daten und deren Verwendung am Herzen liegen, und wir m\u00f6chten, dass Sie darauf vertrauen, dass Functional srl Ihre pers\u00f6nlichen Daten sorgf\u00e4ltig verwendet.<\/p>\n<p>Diese Datenschutzrichtlinie regelt die Art und Weise, wie Functional srl Informationen sammelt, verwendet, aufbewahrt und offenlegt, die von Benutzern (jeweils ein &#8222;Benutzer&#8220;) der Website (&#8222;Website&#8220;) gesammelt werden. Diese Datenschutzrichtlinie gilt f\u00fcr die Website und alle von Functional srl s.r.l. angebotenen Produkte und Dienstleistungen.<\/p>\n<p>Bitte nehmen Sie sich einen Moment Zeit, um sich mit unseren Datenschutzpraktiken vertraut zu machen, und lassen Sie es uns wissen, wenn Sie Fragen haben, indem Sie uns eine E-Mail an <a href=\"mailto:info@functionalcompany.com\" target=\"_new\" rel=\"noopener\">info@functionalcompany.com<\/a> senden oder eine Anfrage \u00fcber das Formular &#8222;Kontakt&#8220; auf unseren Websites stellen.<\/p>\n<p>Sie haben das Recht, bestimmten Verwendungen Ihrer personenbezogenen Daten, einschlie\u00dflich der Verwendung Ihrer personenbezogenen Daten f\u00fcr Direktmarketing, zu widersprechen. Sehen Sie, welche Rechte Sie haben und wie Sie diese hier aus\u00fcben k\u00f6nnen.<\/p>\n<p>Wer sammelt es?<\/p>\n<p>Alle von oder f\u00fcr Functional srl bereitgestellten oder gesammelten personenbezogenen Daten werden von Functional srl kontrolliert.<\/p>\n<p>Verweise auf Functional srl in dieser Mitteilung bedeuten Functional srl und jedes Unternehmen, das direkt oder indirekt im Besitz von Functional srl ist und\/oder von ihnen kontrolliert wird. Weitere Informationen zu Functional srl finden Sie unter <a href=\"https:\/\/www.functionalcompany.com\/\" target=\"_new\" rel=\"noopener\">https:\/\/www.functionalcompany.com<\/a><\/p>\n<p>Diese Datenschutzerkl\u00e4rung gilt auch f\u00fcr das Marketingmaterial von Functional, einschlie\u00dflich Angebote und Werbung f\u00fcr Produkte und Dienstleistungen von Functional srl.<\/p>\n<p>Welche Daten werden gesammelt?<\/p>\n<p>Personenbezogene Daten bedeuten alle Informationen, die verwendet werden k\u00f6nnen, um direkt oder indirekt eine bestimmte Person zu identifizieren.<\/p>\n<p>Sie sind nicht verpflichtet, Functional srl die von uns angeforderten personenbezogenen Daten zur Verf\u00fcgung zu stellen, aber wenn Sie sich daf\u00fcr entscheiden, dies nicht zu tun, k\u00f6nnen wir Ihnen m\u00f6glicherweise unsere Produkte oder Dienstleistungen nicht zur Verf\u00fcgung stellen oder einen qualitativ hochwertigen Service oder die Beantwortung von Anfragen verhindern, die Sie haben k\u00f6nnten.<\/p>\n<p>Wir k\u00f6nnen personenbezogene Identifikationsinformationen von Benutzern einschlie\u00dflich, aber nicht beschr\u00e4nkt auf, wenn Benutzer unsere Website besuchen, sich auf der Website registrieren, eine Bestellung aufgeben, den Newsletter abonnieren, an einer Umfrage teilnehmen, ein Formular ausf\u00fcllen und in Verbindung mit anderen Aktivit\u00e4ten, Diensten, Funktionen oder Ressourcen, die wir auf unserer Website zur Verf\u00fcgung stellen. Benutzer k\u00f6nnen nach Namen, E-Mail-Adresse, Postanschrift, Telefonnummer gefragt werden. Benutzer k\u00f6nnen jedoch anonym unsere Website besuchen. Wir sammeln personenbezogene Identifikationsinformationen von Benutzern nur, wenn sie uns freiwillig solche Informationen zur Verf\u00fcgung stellen. Benutzer k\u00f6nnen sich jederzeit weigern, personenbezogene Identifikationsinformationen bereitzustellen, mit Ausnahme dessen, dass dies sie m\u00f6glicherweise daran hindert, an bestimmten mit der Website verbundenen Aktivit\u00e4ten teilzunehmen.<\/p>\n<p>Bestimmte Kategorien personenbezogener Daten, wie Rasse, Ethnizit\u00e4t, Religion, Gesundheit, Sexualit\u00e4t oder biometrische Daten, werden als &#8222;besondere Kategorien von Daten&#8220; eingestuft und genie\u00dfen gem\u00e4\u00df der europ\u00e4ischen Datenschutzgesetzgebung zus\u00e4tzlichen Schutz.<\/p>\n<p>Wir sammeln und\/oder verarbeiten diese besonderen Kategorien von Daten nicht.<\/p>\n<p>Wenn Sie ein Kind unter dem Alter sind, in dem die Einwilligung der Eltern in Ihrem Land erforderlich ist, sollten Sie die Bedingungen dieser Datenschutzerkl\u00e4rung mit Ihren Eltern oder Erziehungsberechtigten \u00fcberpr\u00fcfen, um sicherzustellen, dass Sie sie verstehen und akzeptieren.<\/p>\n<p>Wir k\u00f6nnen auch nicht personenbezogene Identifikationsinformationen \u00fcber Benutzer sammeln, wenn sie mit unserer Website interagieren. Nicht personenbezogene Identifikationsinformationen k\u00f6nnen den Browsertyp, den Typ des Computers und technische Informationen \u00fcber die Verbindungsmittel der Benutzer mit unserer Website umfassen, wie das Betriebssystem und die Internetdienstanbieter, die genutzt werden, sowie andere \u00e4hnliche Informationen. Alle diese Daten werden gem\u00e4\u00df der GDPR-Richtlinie gel\u00f6scht.<\/p>\n<p>Wie verwenden wir gesammelte Informationen?<\/p>\n<p>Functional srl kann personenbezogene Informationen der Benutzer f\u00fcr folgende Zwecke sammeln und verwenden:<\/p>\n<ul>\n<li>Um den Kundenservice zu verbessern<\/li>\n<\/ul>\n<p>Die von Ihnen bereitgestellten Informationen helfen uns, auf Ihre Anfragen zum Kundenservice und Supportbedarf effizienter zu reagieren.<\/p>\n<ul>\n<li>Um die Benutzererfahrung zu personalisieren<\/li>\n<\/ul>\n<p>Wir k\u00f6nnen Informationen in aggregierter Form verwenden, um zu verstehen, wie unsere Benutzer als Gruppe die auf unserer Website bereitgestellten Dienste und Ressourcen nutzen.<\/p>\n<ul>\n<li>Um unsere Website zu verbessern<\/li>\n<\/ul>\n<p>Wir k\u00f6nnen das von Ihnen bereitgestellte Feedback verwenden, um unsere Produkte und Dienstleistungen zu verbessern.<\/p>\n<ul>\n<li>Um Zahlungen zu verarbeiten<\/li>\n<\/ul>\n<p>Wir k\u00f6nnen die Informationen verwenden, die Benutzer \u00fcber sich selbst bereitstellen, wenn sie eine Bestellung aufgeben, nur um den Service f\u00fcr diese Bestellung bereitzustellen. Diese Informationen geben wir nicht an externe Parteien weiter, au\u00dfer in dem Umfang, der erforderlich ist, um den Service bereitzustellen.<\/p>\n<ul>\n<li>Um Ihre Informationen mit Dritten zu teilen<\/li>\n<\/ul>\n<p>Wir k\u00f6nnen oder verkaufen Informationen mit Dritten f\u00fcr Marketing- oder andere Zwecke teilen.<\/p>\n<ul>\n<li>Um eine Promotion, ein Gewinnspiel, eine Umfrage oder eine andere Website-Funktion auszuf\u00fchren<\/li>\n<\/ul>\n<p>Um Benutzern Informationen zu senden, die sie erhalten m\u00f6chten, zu Themen, von denen wir glauben, dass sie f\u00fcr sie von Interesse sind.<\/p>\n<ul>\n<li>Um regelm\u00e4\u00dfige E-Mails zu senden<\/li>\n<\/ul>\n<p>Wir k\u00f6nnen die E-Mail-Adresse verwenden, um Benutzerinformationen und Updates zu ihrer Bestellung zu senden. Es kann auch verwendet werden, um auf ihre Anfragen, Fragen und\/oder sonstige Anfragen zu antworten. Wenn der Benutzer sich daf\u00fcr entscheidet, sich f\u00fcr unsere Mailingliste anzumelden, erh\u00e4lt er E-Mails, die Unternehmensnachrichten, Updates, verwandte Produkt- oder Serviceinformationen usw. enthalten k\u00f6nnen. Wenn der Benutzer zu einem sp\u00e4teren Zeitpunkt beschlie\u00dft, keine zuk\u00fcnftigen E-Mails mehr zu erhalten, enthalten wir detaillierte Anweisungen zum Abbestellen am Ende jeder E-Mail oder der Benutzer kann uns \u00fcber unsere Website kontaktieren.<\/p>\n<p>Webbrowser-Cookies<\/p>\n<p>Unsere Website verwendet m\u00f6glicherweise &#8222;Cookies&#8220;, um die Benutzererfahrung zu verbessern. Der Webbrowser des Benutzers platziert Cookies auf seiner Festplatte zu Archivierungszwecken und manchmal zur Verfolgung von Informationen \u00fcber sie. Der Benutzer kann w\u00e4hlen, seinen Webbrowser so einzustellen, dass Cookies abgelehnt werden, oder ihn benachrichtigen lassen, wenn Cookies gesendet werden. Wenn dies geschieht, beachten Sie, dass einige Teile der Website m\u00f6glicherweise nicht ordnungsgem\u00e4\u00df funktionieren.<\/p>\n<p>Wie sch\u00fctzen wir Ihre personenbezogenen Daten?<\/p>\n<p>Functional srl nimmt die Sicherheit Ihrer personenbezogenen Daten sehr ernst. Wir unternehmen alle Anstrengungen, um Ihre personenbezogenen Daten vor Missbrauch, St\u00f6rungen, Verlust, unbefugtem Zugriff, \u00c4nderung oder Offenlegung zu sch\u00fctzen.<\/p>\n<p>Unsere Ma\u00dfnahmen umfassen die Implementierung angemessener Zugriffskontrollen, Investitionen in die neuesten Informationssicherheitsf\u00e4higkeiten zum Schutz der von uns genutzten IT-Umgebungen und die Sicherstellung, dass wir personenbezogene Daten, soweit m\u00f6glich, verschl\u00fcsseln, pseudonymisieren und anonymisieren.<\/p>\n<p>Der Zugriff auf Ihre personenbezogenen Daten ist nur unter unseren Mitarbeitern und Agenten auf einer Need-to-Know-Basis gestattet und unterliegt strengen vertraglichen Vertraulichkeitsverpflichtungen, wenn sie von Drittanbietern verarbeitet werden.<\/p>\n<p>Wir ergreifen angemessene Datensammlungs-, Speicher- und Verarbeitungspraktiken sowie Sicherheitsma\u00dfnahmen, um unbefugten Zugriff, \u00c4nderung, Offenlegung oder Zerst\u00f6rung Ihrer pers\u00f6nlichen Informationen, Benutzername, Passwort, Transaktionsinformationen und Daten, die auf unserer Website gespeichert sind, zu sch\u00fctzen.<\/p>\n<p>Wie lange bewahren wir Ihre personenbezogenen Daten auf?<\/p>\n<p>Wir werden Ihre personenbezogenen Daten so lange aufbewahren, wie wir sie f\u00fcr den Zweck, f\u00fcr den sie verarbeitet werden, ben\u00f6tigen. Wenn Sie beispielsweise einen Kauf online bei uns t\u00e4tigen, werden wir die mit Ihrem Kauf verbundenen Daten aufbewahren, damit wir den spezifischen Vertrag, den Sie abgeschlossen haben, ausf\u00fchren k\u00f6nnen, und danach werden wir die personenbezogenen Daten f\u00fcr einen Zeitraum aufbewahren, der es uns erm\u00f6glicht, mit Beschwerden, Anfragen oder Bedenken im Zusammenhang mit dem Kauf umzugehen oder darauf zu reagieren.<\/p>\n<p>Ihre Daten k\u00f6nnen auch so lange aufbewahrt werden, dass wir Ihre Erfahrung mit uns weiter verbessern und sicherstellen k\u00f6nnen, dass Sie alle Ihnen zustehenden Treuepr\u00e4mien erhalten.<\/p>\n<p>Wir behalten die identifizierbaren Daten, die wir direkt sammeln, zu Targeting-Zwecken f\u00fcr so wenig Zeit wie m\u00f6glich, nach der wir Ma\u00dfnahmen ergreifen, um sie dauerhaft zu l\u00f6schen.<\/p>\n<p>Wir \u00fcberpr\u00fcfen aktiv die personenbezogenen Daten, die wir halten, und l\u00f6schen sie sicher oder anonymisieren sie in einigen F\u00e4llen, wenn keine rechtlichen, gesch\u00e4ftlichen oder Verbraucherbed\u00fcrfnisse mehr bestehen, um sie aufzubewahren.<\/p>\n<p>Websites von Drittanbietern<\/p>\n<p>Wir k\u00f6nnen Drittanbieter-Serviceanbieter einsetzen, um uns bei der Verwaltung unseres Gesch\u00e4fts und der Website zu helfen oder Aktivit\u00e4ten in unserem Auftrag zu verwalten, wie das Versenden von Newslettern oder Umfragen. Wir k\u00f6nnen Ihre Informationen mit diesen Dritten f\u00fcr diese begrenzten Zwecke teilen, vorausgesetzt, dass Sie uns Ihre Erlaubnis erteilt haben.<\/p>\n<p>Benutzer k\u00f6nnen auf unserer Website Werbung oder andere Inhalte finden, die zu den Websites und Diensten unserer Partner, Lieferanten, Werbetreibenden, Sponsoren, Lizenzgeber und anderer Dritter verlinken. Wir kontrollieren nicht den Inhalt oder die Links, die auf diesen Websites erscheinen, und sind nicht verantwortlich f\u00fcr die Praktiken, die von Websites angewendet werden, die mit unserer Website verlinkt sind oder von ihr aus verlinken. Dar\u00fcber hinaus k\u00f6nnen sich diese Websites oder Dienste, einschlie\u00dflich ihrer Inhalte und Links, st\u00e4ndig \u00e4ndern. Diese Websites und Dienste k\u00f6nnen ihre eigenen Datenschutzrichtlinien und Kundendienstrichtlinien haben. Das Surfen und die Interaktion auf jeder anderen Website, einschlie\u00dflich Websites, die einen Link zu unserer Website haben, unterliegen den eigenen Bedingungen und Richtlinien dieser Website.<\/p>\n<p>Werbung<\/p>\n<p>Anzeigen, die auf unserer Website erscheinen, k\u00f6nnen von Werbepartnern geliefert werden, die m\u00f6glicherweise Cookies setzen. Diese Cookies erm\u00f6glichen es dem Anzeigenserver, Ihren Computer jedes Mal zu erkennen, wenn er Ihnen eine Online-Anzeige sendet, um nicht personenbezogene Identifikationsinformationen \u00fcber Sie oder andere, die Ihren Computer verwenden, zu sammeln. Diese Informationen erm\u00f6glichen es Werbenetzwerken unter anderem, gezielte Anzeigen zu liefern, von denen sie glauben, dass sie f\u00fcr Sie am interessantesten sind. Diese Datenschutzrichtlinie deckt nicht die Verwendung von Cookies durch Werbetreibende ab.<\/p>\n<p>Sie k\u00f6nnen Ihren Browser so einstellen, dass er alle oder einige Browser-Cookies ablehnt oder Sie benachrichtigt, wenn Websites Cookies setzen oder darauf zugreifen. Wenn Sie Cookies deaktivieren oder ablehnen, beachten Sie bitte, dass einige Teile dieser Website m\u00f6glicherweise nicht zug\u00e4nglich oder nicht ordnungsgem\u00e4\u00df funktionieren.<\/p>\n<p>Was sind Ihre Rechte?<\/p>\n<p>Ihre Rechte in Bezug auf Ihre personenbezogenen Daten und wie sie verarbeitet werden. Sie k\u00f6nnen diese Rechte jederzeit aus\u00fcben. Im Folgenden haben wir eine \u00dcbersicht \u00fcber diese Rechte zusammen mit dem, was dies f\u00fcr Sie bedeutet, bereitgestellt. Sie k\u00f6nnen Ihre Rechte aus\u00fcben, indem Sie eine E-Mail senden oder eine Anfrage \u00fcber das Formular &#8222;Kontakt&#8220; auf unseren Websites stellen.<\/p>\n<p>Wo wir Ihre personenbezogenen Daten verarbeiten, haben Sie eine Reihe von Rechten dar\u00fcber, wie die Daten verarbeitet werden, und k\u00f6nnen diese Rechte jederzeit aus\u00fcben. Im Folgenden haben wir eine \u00dcbersicht \u00fcber diese Rechte zusammen mit dem, was dies f\u00fcr Sie bedeutet.<\/p>\n<p>Das Recht auf Information.<\/p>\n<p>Sie haben das Recht, klare, transparente und leicht verst\u00e4ndliche Informationen dar\u00fcber zu erhalten, wie wir Ihre personenbezogenen Daten verwenden und welche Rechte Sie haben. Deshalb stellen wir Ihnen die Informationen in dieser Mitteilung zur Verf\u00fcgung.<\/p>\n<p>Das Recht auf Zugang und Berichtigung.<\/p>\n<p>Sie haben das Recht, jederzeit auf Ihre personenbezogenen Daten zuzugreifen, diese zu korrigieren oder zu aktualisieren. Wir verstehen die Bedeutung dessen und sollten Sie Ihre Rechte aus\u00fcben wollen, kontaktieren Sie uns bitte.<\/p>\n<p>Das Recht auf Daten\u00fcbertragbarkeit.<\/p>\n<p>Die personenbezogenen Daten, die Sie uns zur Verf\u00fcgung gestellt haben, sind portierbar. Dies bedeutet, dass sie unter bestimmten Umst\u00e4nden verschoben, kopiert oder elektronisch \u00fcbertragen werden k\u00f6nnen.<\/p>\n<p>Das Recht auf Vergessenwerden.<\/p>\n<p>Unter bestimmten Umst\u00e4nden haben Sie das Recht zu verlangen, dass wir Ihre Daten l\u00f6schen. Wenn Sie m\u00f6chten, dass wir die personenbezogenen Daten, die wir \u00fcber Sie speichern, l\u00f6schen, lassen Sie es uns bitte wissen, und wir werden angemessene Schritte unternehmen, um auf Ihre Anfrage gem\u00e4\u00df den gesetzlichen Anforderungen zu reagieren. Wenn die personenbezogenen Daten, die wir sammeln, f\u00fcr keine Zwecke mehr ben\u00f6tigt werden und wir nicht gesetzlich verpflichtet sind, sie aufzubewahren, werden wir tun, was wir k\u00f6nnen, um sie zu l\u00f6schen, zu zerst\u00f6ren oder dauerhaft zu anonymisieren.<\/p>\n<p>Das Recht auf Einschr\u00e4nkung der Verarbeitung.<\/p>\n<p>Unter bestimmten Umst\u00e4nden haben Sie das Recht, die Verarbeitung Ihrer personenbezogenen Daten einzuschr\u00e4nken.<\/p>\n<p>Das Recht auf Widerspruch.<\/p>\n<p>Unter bestimmten Umst\u00e4nden haben Sie das Recht, bestimmten Arten von Verarbeitung, einschlie\u00dflich der Verarbeitung f\u00fcr Direktmarketing (d.h. dem Empfang von E-Mails von uns, die Sie benachrichtigen oder mit verschiedenen potenziellen M\u00f6glichkeiten kontaktiert werden), zu widersprechen.<\/p>\n<p>Das Recht, eine Beschwerde bei einer Aufsichtsbeh\u00f6rde einzureichen.<\/p>\n<p>Sie haben das Recht, eine Beschwerde direkt bei einer lokalen Aufsichtsbeh\u00f6rde dar\u00fcber einzureichen, wie wir Ihre personenbezogenen Daten verarbeiten.<\/p>\n<p>Das Recht, Ihre Einwilligung zu widerrufen.<\/p>\n<p>Wenn Sie Ihre Einwilligung zu irgendetwas, was wir mit Ihren personenbezogenen Daten tun, gegeben haben (d.h. wir verlassen uns auf Ihre Einwilligung als Rechtsgrundlage f\u00fcr die Verarbeitung Ihrer personenbezogenen Daten), haben Sie das Recht, Ihre Einwilligung jederzeit zu widerrufen (obwohl dies nicht bedeutet, dass alles, was wir bis zu diesem Zeitpunkt mit Ihren personenbezogenen Daten getan haben, rechtswidrig ist). Sie k\u00f6nnen Ihre Einwilligung zur Verarbeitung Ihrer personenbezogenen Daten jederzeit widerrufen, indem Sie uns mit den unten angegebenen Details kontaktieren.<\/p>\n<p>Rechte im Zusammenhang mit automatisierten Entscheidungen.<\/p>\n<p>Sie haben das Recht, keiner Entscheidung zu unterliegen, die ausschlie\u00dflich auf einer automatisierten Verarbeitung beruht und die rechtliche oder andere erhebliche Auswirkungen auf Sie hat. Insbesondere haben Sie das Recht: menschliches Eingreifen zu erhalten; Ihren Standpunkt zu \u00e4u\u00dfern; eine Erkl\u00e4rung der getroffenen Entscheidung nach einer Bewertung zu erhalten; und gegen eine solche Entscheidung Einspruch zu erheben.<\/p>\n<p>\u00c4nderungen an dieser Datenschutzrichtlinie<\/p>\n<p>Functional srl beh\u00e4lt sich das Recht vor, diese Datenschutzrichtlinie jederzeit zu aktualisieren. Wenn wir dies tun, werden wir das aktualisierte Datum am Ende dieser Seite \u00fcberarbeiten. Wir ermutigen Benutzer, diese Seite h\u00e4ufig auf \u00c4nderungen zu \u00fcberpr\u00fcfen, um dar\u00fcber informiert zu bleiben, wie wir helfen, die gesammelten personenbezogenen Informationen zu sch\u00fctzen. Sie erkennen an und stimmen zu, dass es Ihre Verantwortung ist, diese Datenschutzrichtlinie regelm\u00e4\u00dfig zu \u00fcberpr\u00fcfen und \u00c4nderungen zur Kenntnis zu nehmen.<\/p>\n<p>Ihre Akzeptanz dieser Bedingungen<\/p>\n<p>Durch die Nutzung dieser Website erkl\u00e4ren Sie sich mit dieser Richtlinie einverstanden. Wenn Sie mit dieser Richtlinie nicht einverstanden sind, nutzen Sie bitte unsere Website nicht. Ihre fortgesetzte Nutzung der Website nach der Ver\u00f6ffentlichung von \u00c4nderungen an dieser Richtlinie wird als Ihre Akzeptanz dieser \u00c4nderungen angesehen.<\/p>\n<p>Kontaktieren Sie uns<\/p>\n<p>Wenn Sie Fragen zu dieser Datenschutzrichtlinie, den Praktiken dieser Website oder Ihren Gesch\u00e4ften mit dieser Website haben, kontaktieren Sie uns bitte unter:<\/p>\n<p>Functional Company s.r.l.<\/p>\n<p>Via Alessandro Volta, 13\/A 39100 Bozen Italien<\/p>\n<p>+39 0471 1957040<\/p>\n<p><a href=\"mailto:info@functionalcompany.com\" target=\"_new\" rel=\"noopener\">info@functionalcompany.com<\/a><\/p>\n<p>Der von Functional ernannte Datenschutzbeauftragte ist Emanuele Sacchetti, der unter der oben genannten Adresse oder per E-Mail unter <a href=\"mailto:info@functionalcompany.com\" target=\"_new\" rel=\"noopener\">info@functionalcompany.com<\/a> kontaktiert werden kann.<\/p>\n<p>Wenn Sie Fragen oder Bedenken bez\u00fcglich der Datenschutzerkl\u00e4rung oder der Datenverarbeitung von Functional Gums haben oder wenn Sie eine Beschwerde \u00fcber eine m\u00f6gliche Verletzung lokaler Datenschutzgesetze einreichen m\u00f6chten, tun Sie dies bitte per E-Mail oder indem Sie eine Anfrage \u00fcber das Formular &#8222;Kontakt&#8220; auf unserer Website stellen.<\/p>\n<p>Dieses Dokument wurde zuletzt am 22. Februar 2024 aktualisiert.[\/vc_column_text][\/vc_column][\/vc_row]\n","protected":false},"excerpt":{"rendered":"<p>[vc_row type=&#8220;in_container&#8220; full_screen_row_position=&#8220;middle&#8220; column_margin=&#8220;default&#8220; column_direction=&#8220;default&#8220; column_direction_tablet=&#8220;default&#8220; column_direction_phone=&#8220;default&#8220; scene_position=&#8220;center&#8220; top_padding=&#8220;10%&#8220; constrain_group_1=&#8220;yes&#8220; bottom_padding=&#8220;10%&#8220; text_color=&#8220;dark&#8220; text_align=&#8220;left&#8220; row_border_radius=&#8220;none&#8220; row_border_radius_applies=&#8220;bg&#8220; overflow=&#8220;visible&#8220; overlay_strength=&#8220;0.3&#8243; gradient_direction=&#8220;left_to_right&#8220; shape_divider_position=&#8220;bottom&#8220; bg_image_animation=&#8220;none&#8220; gradient_type=&#8220;default&#8220; shape_type=&#8220;&#8220;][vc_column column_padding=&#8220;no-extra-padding&#8220; column_padding_tablet=&#8220;inherit&#8220; column_padding_phone=&#8220;inherit&#8220; column_padding_position=&#8220;all&#8220; column_element_direction_desktop=&#8220;default&#8220; column_element_spacing=&#8220;default&#8220; desktop_text_alignment=&#8220;default&#8220; tablet_text_alignment=&#8220;default&#8220;&#8230;<\/p>\n","protected":false},"author":1,"featured_media":0,"parent":0,"menu_order":0,"comment_status":"closed","ping_status":"closed","template":"","meta":{"_acf_changed":false,"footnotes":""},"class_list":["post-934","page","type-page","status-publish"],"acf":[],"_links":{"self":[{"href":"https:\/\/functionalcompany.com\/de\/wp-json\/wp\/v2\/pages\/934","targetHints":{"allow":["GET"]}}],"collection":[{"href":"https:\/\/functionalcompany.com\/de\/wp-json\/wp\/v2\/pages"}],"about":[{"href":"https:\/\/functionalcompany.com\/de\/wp-json\/wp\/v2\/types\/page"}],"author":[{"embeddable":true,"href":"https:\/\/functionalcompany.com\/de\/wp-json\/wp\/v2\/users\/1"}],"replies":[{"embeddable":true,"href":"https:\/\/functionalcompany.com\/de\/wp-json\/wp\/v2\/comments?post=934"}],"version-history":[{"count":6,"href":"https:\/\/functionalcompany.com\/de\/wp-json\/wp\/v2\/pages\/934\/revisions"}],"predecessor-version":[{"id":3486,"href":"https:\/\/functionalcompany.com\/de\/wp-json\/wp\/v2\/pages\/934\/revisions\/3486"}],"wp:attachment":[{"href":"https:\/\/functionalcompany.com\/de\/wp-json\/wp\/v2\/media?parent=934"}],"curies":[{"name":"wp","href":"https:\/\/api.w.org\/{rel}","templated":true}]}}